{"id":148,"date":"2025-09-20T07:34:42","date_gmt":"2025-09-20T07:34:42","guid":{"rendered":"https:\/\/dieseldijelovi.com\/agregati\/index.php\/proizvod\/gasoline-generator-konner-sohnen-ks-15-1e-atsr\/"},"modified":"2025-10-01T10:43:43","modified_gmt":"2025-10-01T10:43:43","slug":"gasoline-generator-konner-sohnen-ks-15-1e-atsr","status":"publish","type":"product","link":"https:\/\/dieseldijelovi.com\/agregati\/shop\/gasoline-generator-konner-sohnen-ks-15-1e-atsr\/","title":{"rendered":"Gasoline generator &#8220;K\u00f6nner &#038; S\u00f6hnen&#8221; KS 15-1E ATSR"},"content":{"rendered":"<p>Jednofazni model snage 12 kW, s dvocilindri\u010dnim motorom od 22 KS i dugim vijekom rada.<\/p>\n","protected":false},"excerpt":{"rendered":"<p>KS 15-1E ATSR (benzin, 230 V)<\/p>\n","protected":false},"featured_media":0,"comment_status":"closed","ping_status":"open","template":"","meta":[],"product_cat":[57],"product_tag":[79,68,39,40,59,60,61,42,43,24,25,63,83],"class_list":{"0":"post-148","1":"product","2":"type-product","3":"status-publish","5":"product_cat-benzin-generator","6":"product_tag-9-0-kw","7":"product_tag-230-v","8":"product_tag-ats-output","9":"product_tag-ats-funktion","10":"product_tag-benzin","11":"product_tag-benzin-stromerzeuger","12":"product_tag-benzin-generatoren-konner-sohnen","13":"product_tag-electric","14":"product_tag-elektro","15":"product_tag-gasoline","16":"product_tag-gasoline-generator","17":"product_tag-generator-with-avr","18":"product_tag-notstromaggregat-benzin","20":"first","21":"instock","22":"purchasable","23":"product-type-simple"},"yoast_head":"<!-- This site is optimized with the Yoast SEO plugin v26.7 - https:\/\/yoast.com\/wordpress\/plugins\/seo\/ -->\n<title>Gasoline generator &quot;K\u00f6nner &amp; S\u00f6hnen&quot; KS 15-1E ATSR - Diesel dijelovi d.o.o.<\/title>\n<meta name=\"robots\" content=\"index, follow, max-snippet:-1, max-image-preview:large, max-video-preview:-1\" \/>\n<link rel=\"canonical\" href=\"https:\/\/dieseldijelovi.com\/agregati\/shop\/gasoline-generator-konner-sohnen-ks-15-1e-atsr\/\" \/>\n<meta property=\"og:locale\" content=\"hr_HR\" \/>\n<meta property=\"og:type\" content=\"article\" \/>\n<meta property=\"og:title\" content=\"Gasoline generator &quot;K\u00f6nner &amp; S\u00f6hnen&quot; KS 15-1E ATSR - Diesel dijelovi d.o.o.\" \/>\n<meta property=\"og:description\" content=\"KS 15-1E ATSR (benzin, 230 V)\" \/>\n<meta property=\"og:url\" content=\"https:\/\/dieseldijelovi.com\/agregati\/shop\/gasoline-generator-konner-sohnen-ks-15-1e-atsr\/\" \/>\n<meta property=\"og:site_name\" content=\"Diesel dijelovi d.o.o.\" \/>\n<meta property=\"article:publisher\" content=\"https:\/\/facbook.com\/dieseldijelovi\" \/>\n<meta property=\"article:modified_time\" content=\"2025-10-01T10:43:43+00:00\" \/>\n<meta name=\"twitter:card\" content=\"summary_large_image\" \/>\n<script type=\"application\/ld+json\" class=\"yoast-schema-graph\">{\"@context\":\"https:\/\/schema.org\",\"@graph\":[{\"@type\":\"WebPage\",\"@id\":\"https:\/\/dieseldijelovi.com\/agregati\/shop\/gasoline-generator-konner-sohnen-ks-15-1e-atsr\/\",\"url\":\"https:\/\/dieseldijelovi.com\/agregati\/shop\/gasoline-generator-konner-sohnen-ks-15-1e-atsr\/\",\"name\":\"Gasoline generator \\\"K\u00f6nner & S\u00f6hnen\\\" KS 15-1E ATSR - Diesel dijelovi d.o.o.\",\"isPartOf\":{\"@id\":\"https:\/\/dieseldijelovi.com\/agregati\/#website\"},\"datePublished\":\"2025-09-20T07:34:42+00:00\",\"dateModified\":\"2025-10-01T10:43:43+00:00\",\"breadcrumb\":{\"@id\":\"https:\/\/dieseldijelovi.com\/agregati\/shop\/gasoline-generator-konner-sohnen-ks-15-1e-atsr\/#breadcrumb\"},\"inLanguage\":\"hr\",\"potentialAction\":[{\"@type\":\"ReadAction\",\"target\":[\"https:\/\/dieseldijelovi.com\/agregati\/shop\/gasoline-generator-konner-sohnen-ks-15-1e-atsr\/\"]}]},{\"@type\":\"BreadcrumbList\",\"@id\":\"https:\/\/dieseldijelovi.com\/agregati\/shop\/gasoline-generator-konner-sohnen-ks-15-1e-atsr\/#breadcrumb\",\"itemListElement\":[{\"@type\":\"ListItem\",\"position\":1,\"name\":\"Po\u010detna stranica\",\"item\":\"https:\/\/dieseldijelovi.com\/agregati\/\"},{\"@type\":\"ListItem\",\"position\":2,\"name\":\"Shop\",\"item\":\"https:\/\/dieseldijelovi.com\/agregati\/shop\/\"},{\"@type\":\"ListItem\",\"position\":3,\"name\":\"Gasoline generator &#8220;K\u00f6nner &#038; S\u00f6hnen&#8221; KS 15-1E ATSR\"}]},{\"@type\":\"WebSite\",\"@id\":\"https:\/\/dieseldijelovi.com\/agregati\/#website\",\"url\":\"https:\/\/dieseldijelovi.com\/agregati\/\",\"name\":\"Diesel dijelovi d.o.o.\",\"description\":\"Agregati - benzinski, dizelski i LPG\",\"publisher\":{\"@id\":\"https:\/\/dieseldijelovi.com\/agregati\/#organization\"},\"potentialAction\":[{\"@type\":\"SearchAction\",\"target\":{\"@type\":\"EntryPoint\",\"urlTemplate\":\"https:\/\/dieseldijelovi.com\/agregati\/?s={search_term_string}\"},\"query-input\":{\"@type\":\"PropertyValueSpecification\",\"valueRequired\":true,\"valueName\":\"search_term_string\"}}],\"inLanguage\":\"hr\"},{\"@type\":\"Organization\",\"@id\":\"https:\/\/dieseldijelovi.com\/agregati\/#organization\",\"name\":\"Diesel dijelovi d.o.o.\",\"url\":\"https:\/\/dieseldijelovi.com\/agregati\/\",\"logo\":{\"@type\":\"ImageObject\",\"inLanguage\":\"hr\",\"@id\":\"https:\/\/dieseldijelovi.com\/agregati\/#\/schema\/logo\/image\/\",\"url\":\"https:\/\/dieseldijelovi.com\/agregati\/wp-content\/uploads\/2025\/09\/logo-white.png\",\"contentUrl\":\"https:\/\/dieseldijelovi.com\/agregati\/wp-content\/uploads\/2025\/09\/logo-white.png\",\"width\":1000,\"height\":300,\"caption\":\"Diesel dijelovi d.o.o.\"},\"image\":{\"@id\":\"https:\/\/dieseldijelovi.com\/agregati\/#\/schema\/logo\/image\/\"},\"sameAs\":[\"https:\/\/facbook.com\/dieseldijelovi\"]}]}<\/script>\n<!-- \/ Yoast SEO plugin. -->","yoast_head_json":{"title":"Gasoline generator \"K\u00f6nner & S\u00f6hnen\" KS 15-1E ATSR - Diesel dijelovi d.o.o.","robots":{"index":"index","follow":"follow","max-snippet":"max-snippet:-1","max-image-preview":"max-image-preview:large","max-video-preview":"max-video-preview:-1"},"canonical":"https:\/\/dieseldijelovi.com\/agregati\/shop\/gasoline-generator-konner-sohnen-ks-15-1e-atsr\/","og_locale":"hr_HR","og_type":"article","og_title":"Gasoline generator \"K\u00f6nner & S\u00f6hnen\" KS 15-1E ATSR - Diesel dijelovi d.o.o.","og_description":"KS 15-1E ATSR (benzin, 230 V)","og_url":"https:\/\/dieseldijelovi.com\/agregati\/shop\/gasoline-generator-konner-sohnen-ks-15-1e-atsr\/","og_site_name":"Diesel dijelovi d.o.o.","article_publisher":"https:\/\/facbook.com\/dieseldijelovi","article_modified_time":"2025-10-01T10:43:43+00:00","twitter_card":"summary_large_image","schema":{"@context":"https:\/\/schema.org","@graph":[{"@type":"WebPage","@id":"https:\/\/dieseldijelovi.com\/agregati\/shop\/gasoline-generator-konner-sohnen-ks-15-1e-atsr\/","url":"https:\/\/dieseldijelovi.com\/agregati\/shop\/gasoline-generator-konner-sohnen-ks-15-1e-atsr\/","name":"Gasoline generator \"K\u00f6nner & S\u00f6hnen\" KS 15-1E ATSR - Diesel dijelovi d.o.o.","isPartOf":{"@id":"https:\/\/dieseldijelovi.com\/agregati\/#website"},"datePublished":"2025-09-20T07:34:42+00:00","dateModified":"2025-10-01T10:43:43+00:00","breadcrumb":{"@id":"https:\/\/dieseldijelovi.com\/agregati\/shop\/gasoline-generator-konner-sohnen-ks-15-1e-atsr\/#breadcrumb"},"inLanguage":"hr","potentialAction":[{"@type":"ReadAction","target":["https:\/\/dieseldijelovi.com\/agregati\/shop\/gasoline-generator-konner-sohnen-ks-15-1e-atsr\/"]}]},{"@type":"BreadcrumbList","@id":"https:\/\/dieseldijelovi.com\/agregati\/shop\/gasoline-generator-konner-sohnen-ks-15-1e-atsr\/#breadcrumb","itemListElement":[{"@type":"ListItem","position":1,"name":"Po\u010detna stranica","item":"https:\/\/dieseldijelovi.com\/agregati\/"},{"@type":"ListItem","position":2,"name":"Shop","item":"https:\/\/dieseldijelovi.com\/agregati\/shop\/"},{"@type":"ListItem","position":3,"name":"Gasoline generator &#8220;K\u00f6nner &#038; S\u00f6hnen&#8221; KS 15-1E ATSR"}]},{"@type":"WebSite","@id":"https:\/\/dieseldijelovi.com\/agregati\/#website","url":"https:\/\/dieseldijelovi.com\/agregati\/","name":"Diesel dijelovi d.o.o.","description":"Agregati - benzinski, dizelski i LPG","publisher":{"@id":"https:\/\/dieseldijelovi.com\/agregati\/#organization"},"potentialAction":[{"@type":"SearchAction","target":{"@type":"EntryPoint","urlTemplate":"https:\/\/dieseldijelovi.com\/agregati\/?s={search_term_string}"},"query-input":{"@type":"PropertyValueSpecification","valueRequired":true,"valueName":"search_term_string"}}],"inLanguage":"hr"},{"@type":"Organization","@id":"https:\/\/dieseldijelovi.com\/agregati\/#organization","name":"Diesel dijelovi d.o.o.","url":"https:\/\/dieseldijelovi.com\/agregati\/","logo":{"@type":"ImageObject","inLanguage":"hr","@id":"https:\/\/dieseldijelovi.com\/agregati\/#\/schema\/logo\/image\/","url":"https:\/\/dieseldijelovi.com\/agregati\/wp-content\/uploads\/2025\/09\/logo-white.png","contentUrl":"https:\/\/dieseldijelovi.com\/agregati\/wp-content\/uploads\/2025\/09\/logo-white.png","width":1000,"height":300,"caption":"Diesel dijelovi d.o.o."},"image":{"@id":"https:\/\/dieseldijelovi.com\/agregati\/#\/schema\/logo\/image\/"},"sameAs":["https:\/\/facbook.com\/dieseldijelovi"]}]}},"_links":{"self":[{"href":"https:\/\/dieseldijelovi.com\/agregati\/wp-json\/wp\/v2\/product\/148","targetHints":{"allow":["GET"]}}],"collection":[{"href":"https:\/\/dieseldijelovi.com\/agregati\/wp-json\/wp\/v2\/product"}],"about":[{"href":"https:\/\/dieseldijelovi.com\/agregati\/wp-json\/wp\/v2\/types\/product"}],"replies":[{"embeddable":true,"href":"https:\/\/dieseldijelovi.com\/agregati\/wp-json\/wp\/v2\/comments?post=148"}],"version-history":[{"count":1,"href":"https:\/\/dieseldijelovi.com\/agregati\/wp-json\/wp\/v2\/product\/148\/revisions"}],"predecessor-version":[{"id":3040,"href":"https:\/\/dieseldijelovi.com\/agregati\/wp-json\/wp\/v2\/product\/148\/revisions\/3040"}],"wp:attachment":[{"href":"https:\/\/dieseldijelovi.com\/agregati\/wp-json\/wp\/v2\/media?parent=148"}],"wp:term":[{"taxonomy":"product_cat","embeddable":true,"href":"https:\/\/dieseldijelovi.com\/agregati\/wp-json\/wp\/v2\/product_cat?post=148"},{"taxonomy":"product_tag","embeddable":true,"href":"https:\/\/dieseldijelovi.com\/agregati\/wp-json\/wp\/v2\/product_tag?post=148"}],"curies":[{"name":"wp","href":"https:\/\/api.w.org\/{rel}","templated":true}]}}