{"id":194,"date":"2025-09-20T07:34:42","date_gmt":"2025-09-20T07:34:42","guid":{"rendered":"https:\/\/dieseldijelovi.com\/agregati\/index.php\/proizvod\/ks-33-3ye\/"},"modified":"2025-10-01T10:43:44","modified_gmt":"2025-10-01T10:43:44","slug":"ks-33-3ye","status":"publish","type":"product","link":"https:\/\/dieseldijelovi.com\/agregati\/shop\/ks-33-3ye\/","title":{"rendered":"KS 33-3YE"},"content":{"rendered":"<p>&#8211; Napon: 230\/400 V, 33\/30 kVA &#8211; Motor YangDong Y4100D, 4-cil, 1500 o\/min, vodeno hla\u0111enje &#8211; Spremnik 75 l, ~15 h (50% optere\u0107enje), ~5.1 l\/h &#8211; Uti\u010dnice: Schuko 230 V, CEE 400 V 16 A, CEE 400 V 32 A &#8211; Datakom D300+2g kontroler, IP54 &#8211; Buka 72\/97 dB, dim. 2160\u00d7950\u00d71250 mm, ~978 kg<\/p>\n","protected":false},"excerpt":{"rendered":"<p>Profesionalna 3F dizel centrala 33 kVA s YangDong 4-cilindri\u010dnim motorom 1500 o\/min, vodenim hla\u0111enjem, predgrija\u010dem i tihim antivandal ku\u0107i\u0161tem.<\/p>\n","protected":false},"featured_media":195,"comment_status":"closed","ping_status":"open","template":"","meta":[],"product_cat":[102],"product_tag":[36,35,103,29,30,99],"class_list":{"0":"post-194","1":"product","2":"type-product","3":"status-publish","4":"has-post-thumbnail","6":"product_cat-3-phase-generator","7":"product_tag-5-9-kw","8":"product_tag-230-400-v","9":"product_tag-230-400","10":"product_tag-spo-default","11":"product_tag-spo-disabled","12":"product_tag-spo-notify-me-disabled","14":"first","15":"instock","16":"purchasable","17":"product-type-simple"},"yoast_head":"<!-- This site is optimized with the Yoast SEO plugin v26.7 - https:\/\/yoast.com\/wordpress\/plugins\/seo\/ -->\n<title>KS 33-3YE - Diesel dijelovi d.o.o.<\/title>\n<meta name=\"robots\" content=\"index, follow, max-snippet:-1, max-image-preview:large, max-video-preview:-1\" \/>\n<link rel=\"canonical\" href=\"https:\/\/dieseldijelovi.com\/agregati\/shop\/ks-33-3ye\/\" \/>\n<meta property=\"og:locale\" content=\"hr_HR\" \/>\n<meta property=\"og:type\" content=\"article\" \/>\n<meta property=\"og:title\" content=\"KS 33-3YE - Diesel dijelovi d.o.o.\" \/>\n<meta property=\"og:description\" content=\"Profesionalna 3F dizel centrala 33 kVA s YangDong 4-cilindri\u010dnim motorom 1500 o\/min, vodenim hla\u0111enjem, predgrija\u010dem i tihim antivandal ku\u0107i\u0161tem.\" \/>\n<meta property=\"og:url\" content=\"https:\/\/dieseldijelovi.com\/agregati\/shop\/ks-33-3ye\/\" \/>\n<meta property=\"og:site_name\" content=\"Diesel dijelovi d.o.o.\" \/>\n<meta property=\"article:publisher\" content=\"https:\/\/facbook.com\/dieseldijelovi\" \/>\n<meta property=\"article:modified_time\" content=\"2025-10-01T10:43:44+00:00\" \/>\n<meta property=\"og:image\" content=\"https:\/\/dieseldijelovi.com\/agregati\/wp-content\/uploads\/2025\/09\/KS_33-3YE_01.jpg\" \/>\n\t<meta property=\"og:image:width\" content=\"1600\" \/>\n\t<meta property=\"og:image:height\" content=\"1200\" \/>\n\t<meta property=\"og:image:type\" content=\"image\/jpeg\" \/>\n<meta name=\"twitter:card\" content=\"summary_large_image\" \/>\n<script type=\"application\/ld+json\" class=\"yoast-schema-graph\">{\"@context\":\"https:\/\/schema.org\",\"@graph\":[{\"@type\":\"WebPage\",\"@id\":\"https:\/\/dieseldijelovi.com\/agregati\/shop\/ks-33-3ye\/\",\"url\":\"https:\/\/dieseldijelovi.com\/agregati\/shop\/ks-33-3ye\/\",\"name\":\"KS 33-3YE - Diesel dijelovi d.o.o.\",\"isPartOf\":{\"@id\":\"https:\/\/dieseldijelovi.com\/agregati\/#website\"},\"primaryImageOfPage\":{\"@id\":\"https:\/\/dieseldijelovi.com\/agregati\/shop\/ks-33-3ye\/#primaryimage\"},\"image\":{\"@id\":\"https:\/\/dieseldijelovi.com\/agregati\/shop\/ks-33-3ye\/#primaryimage\"},\"thumbnailUrl\":\"https:\/\/dieseldijelovi.com\/agregati\/wp-content\/uploads\/2025\/09\/KS_33-3YE_01.jpg\",\"datePublished\":\"2025-09-20T07:34:42+00:00\",\"dateModified\":\"2025-10-01T10:43:44+00:00\",\"breadcrumb\":{\"@id\":\"https:\/\/dieseldijelovi.com\/agregati\/shop\/ks-33-3ye\/#breadcrumb\"},\"inLanguage\":\"hr\",\"potentialAction\":[{\"@type\":\"ReadAction\",\"target\":[\"https:\/\/dieseldijelovi.com\/agregati\/shop\/ks-33-3ye\/\"]}]},{\"@type\":\"ImageObject\",\"inLanguage\":\"hr\",\"@id\":\"https:\/\/dieseldijelovi.com\/agregati\/shop\/ks-33-3ye\/#primaryimage\",\"url\":\"https:\/\/dieseldijelovi.com\/agregati\/wp-content\/uploads\/2025\/09\/KS_33-3YE_01.jpg\",\"contentUrl\":\"https:\/\/dieseldijelovi.com\/agregati\/wp-content\/uploads\/2025\/09\/KS_33-3YE_01.jpg\",\"width\":1600,\"height\":1200},{\"@type\":\"BreadcrumbList\",\"@id\":\"https:\/\/dieseldijelovi.com\/agregati\/shop\/ks-33-3ye\/#breadcrumb\",\"itemListElement\":[{\"@type\":\"ListItem\",\"position\":1,\"name\":\"Po\u010detna stranica\",\"item\":\"https:\/\/dieseldijelovi.com\/agregati\/\"},{\"@type\":\"ListItem\",\"position\":2,\"name\":\"Shop\",\"item\":\"https:\/\/dieseldijelovi.com\/agregati\/shop\/\"},{\"@type\":\"ListItem\",\"position\":3,\"name\":\"KS 33-3YE\"}]},{\"@type\":\"WebSite\",\"@id\":\"https:\/\/dieseldijelovi.com\/agregati\/#website\",\"url\":\"https:\/\/dieseldijelovi.com\/agregati\/\",\"name\":\"Diesel dijelovi d.o.o.\",\"description\":\"Agregati - benzinski, dizelski i LPG\",\"publisher\":{\"@id\":\"https:\/\/dieseldijelovi.com\/agregati\/#organization\"},\"potentialAction\":[{\"@type\":\"SearchAction\",\"target\":{\"@type\":\"EntryPoint\",\"urlTemplate\":\"https:\/\/dieseldijelovi.com\/agregati\/?s={search_term_string}\"},\"query-input\":{\"@type\":\"PropertyValueSpecification\",\"valueRequired\":true,\"valueName\":\"search_term_string\"}}],\"inLanguage\":\"hr\"},{\"@type\":\"Organization\",\"@id\":\"https:\/\/dieseldijelovi.com\/agregati\/#organization\",\"name\":\"Diesel dijelovi d.o.o.\",\"url\":\"https:\/\/dieseldijelovi.com\/agregati\/\",\"logo\":{\"@type\":\"ImageObject\",\"inLanguage\":\"hr\",\"@id\":\"https:\/\/dieseldijelovi.com\/agregati\/#\/schema\/logo\/image\/\",\"url\":\"https:\/\/dieseldijelovi.com\/agregati\/wp-content\/uploads\/2025\/09\/logo-white.png\",\"contentUrl\":\"https:\/\/dieseldijelovi.com\/agregati\/wp-content\/uploads\/2025\/09\/logo-white.png\",\"width\":1000,\"height\":300,\"caption\":\"Diesel dijelovi d.o.o.\"},\"image\":{\"@id\":\"https:\/\/dieseldijelovi.com\/agregati\/#\/schema\/logo\/image\/\"},\"sameAs\":[\"https:\/\/facbook.com\/dieseldijelovi\"]}]}<\/script>\n<!-- \/ Yoast SEO plugin. -->","yoast_head_json":{"title":"KS 33-3YE - Diesel dijelovi d.o.o.","robots":{"index":"index","follow":"follow","max-snippet":"max-snippet:-1","max-image-preview":"max-image-preview:large","max-video-preview":"max-video-preview:-1"},"canonical":"https:\/\/dieseldijelovi.com\/agregati\/shop\/ks-33-3ye\/","og_locale":"hr_HR","og_type":"article","og_title":"KS 33-3YE - Diesel dijelovi d.o.o.","og_description":"Profesionalna 3F dizel centrala 33 kVA s YangDong 4-cilindri\u010dnim motorom 1500 o\/min, vodenim hla\u0111enjem, predgrija\u010dem i tihim antivandal ku\u0107i\u0161tem.","og_url":"https:\/\/dieseldijelovi.com\/agregati\/shop\/ks-33-3ye\/","og_site_name":"Diesel dijelovi d.o.o.","article_publisher":"https:\/\/facbook.com\/dieseldijelovi","article_modified_time":"2025-10-01T10:43:44+00:00","og_image":[{"width":1600,"height":1200,"url":"https:\/\/dieseldijelovi.com\/agregati\/wp-content\/uploads\/2025\/09\/KS_33-3YE_01.jpg","type":"image\/jpeg"}],"twitter_card":"summary_large_image","schema":{"@context":"https:\/\/schema.org","@graph":[{"@type":"WebPage","@id":"https:\/\/dieseldijelovi.com\/agregati\/shop\/ks-33-3ye\/","url":"https:\/\/dieseldijelovi.com\/agregati\/shop\/ks-33-3ye\/","name":"KS 33-3YE - Diesel dijelovi d.o.o.","isPartOf":{"@id":"https:\/\/dieseldijelovi.com\/agregati\/#website"},"primaryImageOfPage":{"@id":"https:\/\/dieseldijelovi.com\/agregati\/shop\/ks-33-3ye\/#primaryimage"},"image":{"@id":"https:\/\/dieseldijelovi.com\/agregati\/shop\/ks-33-3ye\/#primaryimage"},"thumbnailUrl":"https:\/\/dieseldijelovi.com\/agregati\/wp-content\/uploads\/2025\/09\/KS_33-3YE_01.jpg","datePublished":"2025-09-20T07:34:42+00:00","dateModified":"2025-10-01T10:43:44+00:00","breadcrumb":{"@id":"https:\/\/dieseldijelovi.com\/agregati\/shop\/ks-33-3ye\/#breadcrumb"},"inLanguage":"hr","potentialAction":[{"@type":"ReadAction","target":["https:\/\/dieseldijelovi.com\/agregati\/shop\/ks-33-3ye\/"]}]},{"@type":"ImageObject","inLanguage":"hr","@id":"https:\/\/dieseldijelovi.com\/agregati\/shop\/ks-33-3ye\/#primaryimage","url":"https:\/\/dieseldijelovi.com\/agregati\/wp-content\/uploads\/2025\/09\/KS_33-3YE_01.jpg","contentUrl":"https:\/\/dieseldijelovi.com\/agregati\/wp-content\/uploads\/2025\/09\/KS_33-3YE_01.jpg","width":1600,"height":1200},{"@type":"BreadcrumbList","@id":"https:\/\/dieseldijelovi.com\/agregati\/shop\/ks-33-3ye\/#breadcrumb","itemListElement":[{"@type":"ListItem","position":1,"name":"Po\u010detna stranica","item":"https:\/\/dieseldijelovi.com\/agregati\/"},{"@type":"ListItem","position":2,"name":"Shop","item":"https:\/\/dieseldijelovi.com\/agregati\/shop\/"},{"@type":"ListItem","position":3,"name":"KS 33-3YE"}]},{"@type":"WebSite","@id":"https:\/\/dieseldijelovi.com\/agregati\/#website","url":"https:\/\/dieseldijelovi.com\/agregati\/","name":"Diesel dijelovi d.o.o.","description":"Agregati - benzinski, dizelski i LPG","publisher":{"@id":"https:\/\/dieseldijelovi.com\/agregati\/#organization"},"potentialAction":[{"@type":"SearchAction","target":{"@type":"EntryPoint","urlTemplate":"https:\/\/dieseldijelovi.com\/agregati\/?s={search_term_string}"},"query-input":{"@type":"PropertyValueSpecification","valueRequired":true,"valueName":"search_term_string"}}],"inLanguage":"hr"},{"@type":"Organization","@id":"https:\/\/dieseldijelovi.com\/agregati\/#organization","name":"Diesel dijelovi d.o.o.","url":"https:\/\/dieseldijelovi.com\/agregati\/","logo":{"@type":"ImageObject","inLanguage":"hr","@id":"https:\/\/dieseldijelovi.com\/agregati\/#\/schema\/logo\/image\/","url":"https:\/\/dieseldijelovi.com\/agregati\/wp-content\/uploads\/2025\/09\/logo-white.png","contentUrl":"https:\/\/dieseldijelovi.com\/agregati\/wp-content\/uploads\/2025\/09\/logo-white.png","width":1000,"height":300,"caption":"Diesel dijelovi d.o.o."},"image":{"@id":"https:\/\/dieseldijelovi.com\/agregati\/#\/schema\/logo\/image\/"},"sameAs":["https:\/\/facbook.com\/dieseldijelovi"]}]}},"_links":{"self":[{"href":"https:\/\/dieseldijelovi.com\/agregati\/wp-json\/wp\/v2\/product\/194","targetHints":{"allow":["GET"]}}],"collection":[{"href":"https:\/\/dieseldijelovi.com\/agregati\/wp-json\/wp\/v2\/product"}],"about":[{"href":"https:\/\/dieseldijelovi.com\/agregati\/wp-json\/wp\/v2\/types\/product"}],"replies":[{"embeddable":true,"href":"https:\/\/dieseldijelovi.com\/agregati\/wp-json\/wp\/v2\/comments?post=194"}],"version-history":[{"count":1,"href":"https:\/\/dieseldijelovi.com\/agregati\/wp-json\/wp\/v2\/product\/194\/revisions"}],"predecessor-version":[{"id":3049,"href":"https:\/\/dieseldijelovi.com\/agregati\/wp-json\/wp\/v2\/product\/194\/revisions\/3049"}],"wp:featuredmedia":[{"embeddable":true,"href":"https:\/\/dieseldijelovi.com\/agregati\/wp-json\/wp\/v2\/media\/195"}],"wp:attachment":[{"href":"https:\/\/dieseldijelovi.com\/agregati\/wp-json\/wp\/v2\/media?parent=194"}],"wp:term":[{"taxonomy":"product_cat","embeddable":true,"href":"https:\/\/dieseldijelovi.com\/agregati\/wp-json\/wp\/v2\/product_cat?post=194"},{"taxonomy":"product_tag","embeddable":true,"href":"https:\/\/dieseldijelovi.com\/agregati\/wp-json\/wp\/v2\/product_tag?post=194"}],"curies":[{"name":"wp","href":"https:\/\/api.w.org\/{rel}","templated":true}]}}