{"id":83,"date":"2025-09-20T07:34:42","date_gmt":"2025-09-20T07:34:42","guid":{"rendered":"https:\/\/dieseldijelovi.com\/agregati\/index.php\/proizvod\/dc-generator-ks-48v-dc-version-2\/"},"modified":"2025-10-01T10:43:42","modified_gmt":"2025-10-01T10:43:42","slug":"dc-generator-ks-48v-dc-version-2","status":"publish","type":"product","link":"https:\/\/dieseldijelovi.com\/agregati\/shop\/dc-generator-ks-48v-dc-version-2\/","title":{"rendered":"DC Generator KS 48V-DC Version 2"},"content":{"rendered":"<p>&#8211; Napon: 48\u201354 V, max 70 A &#8211; Start: AUTO \/ ru\u010dno \/ eksterno &#8211; Motor: KS 240, 223 cm?, 16 KS, EURO V &#8211; Spremnik 12,5 l, buka 70\/95 dB &#8211; Kota\u010di i ru\u010dka za premje\u0161tanje<\/p>\n","protected":false},"excerpt":{"rendered":"<p>Kompaktan generator za punjenje baterija (48\u201355 V) u off-grid, solarnim i vjetro sustavima, kampovima i plovilima. AUTO na\u010din pokre\u0107e punjenje pri padu napona.<\/p>\n","protected":false},"featured_media":84,"comment_status":"closed","ping_status":"open","template":"","meta":[],"product_cat":[17],"product_tag":[18,19,20,21,22,23,24,25,26,27,28,29,30,31],"class_list":{"0":"post-83","1":"product","2":"type-product","3":"status-publish","4":"has-post-thumbnail","6":"product_cat-dc-generator","7":"product_tag-48-v","8":"product_tag-48v-dc","9":"product_tag-air-cooled","10":"product_tag-automatic","11":"product_tag-dc-generator","12":"product_tag-four-stroke","13":"product_tag-gasoline","14":"product_tag-gasoline-generator","15":"product_tag-gleichstromgenerator","16":"product_tag-manual","17":"product_tag-manual-electic","18":"product_tag-spo-default","19":"product_tag-spo-disabled","20":"product_tag-spo-notify-me-enabled","22":"first","23":"instock","24":"purchasable","25":"product-type-simple"},"yoast_head":"<!-- This site is optimized with the Yoast SEO plugin v26.7 - https:\/\/yoast.com\/wordpress\/plugins\/seo\/ -->\n<title>DC Generator KS 48V-DC Version 2 - Diesel dijelovi d.o.o.<\/title>\n<meta name=\"robots\" content=\"index, follow, max-snippet:-1, max-image-preview:large, max-video-preview:-1\" \/>\n<link rel=\"canonical\" href=\"https:\/\/dieseldijelovi.com\/agregati\/shop\/dc-generator-ks-48v-dc-version-2\/\" \/>\n<meta property=\"og:locale\" content=\"hr_HR\" \/>\n<meta property=\"og:type\" content=\"article\" \/>\n<meta property=\"og:title\" content=\"DC Generator KS 48V-DC Version 2 - Diesel dijelovi d.o.o.\" \/>\n<meta property=\"og:description\" content=\"Kompaktan generator za punjenje baterija (48\u201355 V) u off-grid, solarnim i vjetro sustavima, kampovima i plovilima. AUTO na\u010din pokre\u0107e punjenje pri padu napona.\" \/>\n<meta property=\"og:url\" content=\"https:\/\/dieseldijelovi.com\/agregati\/shop\/dc-generator-ks-48v-dc-version-2\/\" \/>\n<meta property=\"og:site_name\" content=\"Diesel dijelovi d.o.o.\" \/>\n<meta property=\"article:publisher\" content=\"https:\/\/facbook.com\/dieseldijelovi\" \/>\n<meta property=\"article:modified_time\" content=\"2025-10-01T10:43:42+00:00\" \/>\n<meta property=\"og:image\" content=\"https:\/\/dieseldijelovi.com\/agregati\/wp-content\/uploads\/2025\/09\/KS_48V_DC_01-1024x1024.png\" \/>\n\t<meta property=\"og:image:width\" content=\"1024\" \/>\n\t<meta property=\"og:image:height\" content=\"1024\" \/>\n\t<meta property=\"og:image:type\" content=\"image\/png\" \/>\n<meta name=\"twitter:card\" content=\"summary_large_image\" \/>\n<script type=\"application\/ld+json\" class=\"yoast-schema-graph\">{\"@context\":\"https:\/\/schema.org\",\"@graph\":[{\"@type\":\"WebPage\",\"@id\":\"https:\/\/dieseldijelovi.com\/agregati\/shop\/dc-generator-ks-48v-dc-version-2\/\",\"url\":\"https:\/\/dieseldijelovi.com\/agregati\/shop\/dc-generator-ks-48v-dc-version-2\/\",\"name\":\"DC Generator KS 48V-DC Version 2 - Diesel dijelovi d.o.o.\",\"isPartOf\":{\"@id\":\"https:\/\/dieseldijelovi.com\/agregati\/#website\"},\"primaryImageOfPage\":{\"@id\":\"https:\/\/dieseldijelovi.com\/agregati\/shop\/dc-generator-ks-48v-dc-version-2\/#primaryimage\"},\"image\":{\"@id\":\"https:\/\/dieseldijelovi.com\/agregati\/shop\/dc-generator-ks-48v-dc-version-2\/#primaryimage\"},\"thumbnailUrl\":\"https:\/\/dieseldijelovi.com\/agregati\/wp-content\/uploads\/2025\/09\/KS_48V_DC_01.png\",\"datePublished\":\"2025-09-20T07:34:42+00:00\",\"dateModified\":\"2025-10-01T10:43:42+00:00\",\"breadcrumb\":{\"@id\":\"https:\/\/dieseldijelovi.com\/agregati\/shop\/dc-generator-ks-48v-dc-version-2\/#breadcrumb\"},\"inLanguage\":\"hr\",\"potentialAction\":[{\"@type\":\"ReadAction\",\"target\":[\"https:\/\/dieseldijelovi.com\/agregati\/shop\/dc-generator-ks-48v-dc-version-2\/\"]}]},{\"@type\":\"ImageObject\",\"inLanguage\":\"hr\",\"@id\":\"https:\/\/dieseldijelovi.com\/agregati\/shop\/dc-generator-ks-48v-dc-version-2\/#primaryimage\",\"url\":\"https:\/\/dieseldijelovi.com\/agregati\/wp-content\/uploads\/2025\/09\/KS_48V_DC_01.png\",\"contentUrl\":\"https:\/\/dieseldijelovi.com\/agregati\/wp-content\/uploads\/2025\/09\/KS_48V_DC_01.png\",\"width\":2500,\"height\":2500},{\"@type\":\"BreadcrumbList\",\"@id\":\"https:\/\/dieseldijelovi.com\/agregati\/shop\/dc-generator-ks-48v-dc-version-2\/#breadcrumb\",\"itemListElement\":[{\"@type\":\"ListItem\",\"position\":1,\"name\":\"Po\u010detna stranica\",\"item\":\"https:\/\/dieseldijelovi.com\/agregati\/\"},{\"@type\":\"ListItem\",\"position\":2,\"name\":\"Shop\",\"item\":\"https:\/\/dieseldijelovi.com\/agregati\/shop\/\"},{\"@type\":\"ListItem\",\"position\":3,\"name\":\"DC Generator KS 48V-DC Version 2\"}]},{\"@type\":\"WebSite\",\"@id\":\"https:\/\/dieseldijelovi.com\/agregati\/#website\",\"url\":\"https:\/\/dieseldijelovi.com\/agregati\/\",\"name\":\"Diesel dijelovi d.o.o.\",\"description\":\"Agregati - benzinski, dizelski i LPG\",\"publisher\":{\"@id\":\"https:\/\/dieseldijelovi.com\/agregati\/#organization\"},\"potentialAction\":[{\"@type\":\"SearchAction\",\"target\":{\"@type\":\"EntryPoint\",\"urlTemplate\":\"https:\/\/dieseldijelovi.com\/agregati\/?s={search_term_string}\"},\"query-input\":{\"@type\":\"PropertyValueSpecification\",\"valueRequired\":true,\"valueName\":\"search_term_string\"}}],\"inLanguage\":\"hr\"},{\"@type\":\"Organization\",\"@id\":\"https:\/\/dieseldijelovi.com\/agregati\/#organization\",\"name\":\"Diesel dijelovi d.o.o.\",\"url\":\"https:\/\/dieseldijelovi.com\/agregati\/\",\"logo\":{\"@type\":\"ImageObject\",\"inLanguage\":\"hr\",\"@id\":\"https:\/\/dieseldijelovi.com\/agregati\/#\/schema\/logo\/image\/\",\"url\":\"https:\/\/dieseldijelovi.com\/agregati\/wp-content\/uploads\/2025\/09\/logo-white.png\",\"contentUrl\":\"https:\/\/dieseldijelovi.com\/agregati\/wp-content\/uploads\/2025\/09\/logo-white.png\",\"width\":1000,\"height\":300,\"caption\":\"Diesel dijelovi d.o.o.\"},\"image\":{\"@id\":\"https:\/\/dieseldijelovi.com\/agregati\/#\/schema\/logo\/image\/\"},\"sameAs\":[\"https:\/\/facbook.com\/dieseldijelovi\"]}]}<\/script>\n<!-- \/ Yoast SEO plugin. -->","yoast_head_json":{"title":"DC Generator KS 48V-DC Version 2 - Diesel dijelovi d.o.o.","robots":{"index":"index","follow":"follow","max-snippet":"max-snippet:-1","max-image-preview":"max-image-preview:large","max-video-preview":"max-video-preview:-1"},"canonical":"https:\/\/dieseldijelovi.com\/agregati\/shop\/dc-generator-ks-48v-dc-version-2\/","og_locale":"hr_HR","og_type":"article","og_title":"DC Generator KS 48V-DC Version 2 - Diesel dijelovi d.o.o.","og_description":"Kompaktan generator za punjenje baterija (48\u201355 V) u off-grid, solarnim i vjetro sustavima, kampovima i plovilima. AUTO na\u010din pokre\u0107e punjenje pri padu napona.","og_url":"https:\/\/dieseldijelovi.com\/agregati\/shop\/dc-generator-ks-48v-dc-version-2\/","og_site_name":"Diesel dijelovi d.o.o.","article_publisher":"https:\/\/facbook.com\/dieseldijelovi","article_modified_time":"2025-10-01T10:43:42+00:00","og_image":[{"width":1024,"height":1024,"url":"https:\/\/dieseldijelovi.com\/agregati\/wp-content\/uploads\/2025\/09\/KS_48V_DC_01-1024x1024.png","type":"image\/png"}],"twitter_card":"summary_large_image","schema":{"@context":"https:\/\/schema.org","@graph":[{"@type":"WebPage","@id":"https:\/\/dieseldijelovi.com\/agregati\/shop\/dc-generator-ks-48v-dc-version-2\/","url":"https:\/\/dieseldijelovi.com\/agregati\/shop\/dc-generator-ks-48v-dc-version-2\/","name":"DC Generator KS 48V-DC Version 2 - Diesel dijelovi d.o.o.","isPartOf":{"@id":"https:\/\/dieseldijelovi.com\/agregati\/#website"},"primaryImageOfPage":{"@id":"https:\/\/dieseldijelovi.com\/agregati\/shop\/dc-generator-ks-48v-dc-version-2\/#primaryimage"},"image":{"@id":"https:\/\/dieseldijelovi.com\/agregati\/shop\/dc-generator-ks-48v-dc-version-2\/#primaryimage"},"thumbnailUrl":"https:\/\/dieseldijelovi.com\/agregati\/wp-content\/uploads\/2025\/09\/KS_48V_DC_01.png","datePublished":"2025-09-20T07:34:42+00:00","dateModified":"2025-10-01T10:43:42+00:00","breadcrumb":{"@id":"https:\/\/dieseldijelovi.com\/agregati\/shop\/dc-generator-ks-48v-dc-version-2\/#breadcrumb"},"inLanguage":"hr","potentialAction":[{"@type":"ReadAction","target":["https:\/\/dieseldijelovi.com\/agregati\/shop\/dc-generator-ks-48v-dc-version-2\/"]}]},{"@type":"ImageObject","inLanguage":"hr","@id":"https:\/\/dieseldijelovi.com\/agregati\/shop\/dc-generator-ks-48v-dc-version-2\/#primaryimage","url":"https:\/\/dieseldijelovi.com\/agregati\/wp-content\/uploads\/2025\/09\/KS_48V_DC_01.png","contentUrl":"https:\/\/dieseldijelovi.com\/agregati\/wp-content\/uploads\/2025\/09\/KS_48V_DC_01.png","width":2500,"height":2500},{"@type":"BreadcrumbList","@id":"https:\/\/dieseldijelovi.com\/agregati\/shop\/dc-generator-ks-48v-dc-version-2\/#breadcrumb","itemListElement":[{"@type":"ListItem","position":1,"name":"Po\u010detna stranica","item":"https:\/\/dieseldijelovi.com\/agregati\/"},{"@type":"ListItem","position":2,"name":"Shop","item":"https:\/\/dieseldijelovi.com\/agregati\/shop\/"},{"@type":"ListItem","position":3,"name":"DC Generator KS 48V-DC Version 2"}]},{"@type":"WebSite","@id":"https:\/\/dieseldijelovi.com\/agregati\/#website","url":"https:\/\/dieseldijelovi.com\/agregati\/","name":"Diesel dijelovi d.o.o.","description":"Agregati - benzinski, dizelski i LPG","publisher":{"@id":"https:\/\/dieseldijelovi.com\/agregati\/#organization"},"potentialAction":[{"@type":"SearchAction","target":{"@type":"EntryPoint","urlTemplate":"https:\/\/dieseldijelovi.com\/agregati\/?s={search_term_string}"},"query-input":{"@type":"PropertyValueSpecification","valueRequired":true,"valueName":"search_term_string"}}],"inLanguage":"hr"},{"@type":"Organization","@id":"https:\/\/dieseldijelovi.com\/agregati\/#organization","name":"Diesel dijelovi d.o.o.","url":"https:\/\/dieseldijelovi.com\/agregati\/","logo":{"@type":"ImageObject","inLanguage":"hr","@id":"https:\/\/dieseldijelovi.com\/agregati\/#\/schema\/logo\/image\/","url":"https:\/\/dieseldijelovi.com\/agregati\/wp-content\/uploads\/2025\/09\/logo-white.png","contentUrl":"https:\/\/dieseldijelovi.com\/agregati\/wp-content\/uploads\/2025\/09\/logo-white.png","width":1000,"height":300,"caption":"Diesel dijelovi d.o.o."},"image":{"@id":"https:\/\/dieseldijelovi.com\/agregati\/#\/schema\/logo\/image\/"},"sameAs":["https:\/\/facbook.com\/dieseldijelovi"]}]}},"_links":{"self":[{"href":"https:\/\/dieseldijelovi.com\/agregati\/wp-json\/wp\/v2\/product\/83","targetHints":{"allow":["GET"]}}],"collection":[{"href":"https:\/\/dieseldijelovi.com\/agregati\/wp-json\/wp\/v2\/product"}],"about":[{"href":"https:\/\/dieseldijelovi.com\/agregati\/wp-json\/wp\/v2\/types\/product"}],"replies":[{"embeddable":true,"href":"https:\/\/dieseldijelovi.com\/agregati\/wp-json\/wp\/v2\/comments?post=83"}],"version-history":[{"count":1,"href":"https:\/\/dieseldijelovi.com\/agregati\/wp-json\/wp\/v2\/product\/83\/revisions"}],"predecessor-version":[{"id":3031,"href":"https:\/\/dieseldijelovi.com\/agregati\/wp-json\/wp\/v2\/product\/83\/revisions\/3031"}],"wp:featuredmedia":[{"embeddable":true,"href":"https:\/\/dieseldijelovi.com\/agregati\/wp-json\/wp\/v2\/media\/84"}],"wp:attachment":[{"href":"https:\/\/dieseldijelovi.com\/agregati\/wp-json\/wp\/v2\/media?parent=83"}],"wp:term":[{"taxonomy":"product_cat","embeddable":true,"href":"https:\/\/dieseldijelovi.com\/agregati\/wp-json\/wp\/v2\/product_cat?post=83"},{"taxonomy":"product_tag","embeddable":true,"href":"https:\/\/dieseldijelovi.com\/agregati\/wp-json\/wp\/v2\/product_tag?post=83"}],"curies":[{"name":"wp","href":"https:\/\/api.w.org\/{rel}","templated":true}]}}